{"id":219,"date":"2025-11-12T22:25:37","date_gmt":"2025-11-12T22:25:37","guid":{"rendered":"http:\/\/www.blackbirdarq.cl\/wp\/services\/"},"modified":"2026-02-11T01:14:20","modified_gmt":"2026-02-11T01:14:20","slug":"servicios","status":"publish","type":"page","link":"https:\/\/www.blackbirdarq.cl\/wp\/servicios\/","title":{"rendered":"Servicios"},"content":{"rendered":"\n<div class=\"wp-block-uagb-container uagb-block-c1e2fce7 alignfull uagb-is-root-container\"><div class=\"uagb-container-inner-blocks-wrap\">\n<div class=\"wp-block-uagb-advanced-heading uagb-block-c767fabd\"><h1 class=\"uagb-heading-text\">Servicios<\/h1><\/div>\n<\/div><\/div>\n\n\n\n<div class=\"wp-block-uagb-container uagb-block-a3c85d3f alignfull uagb-is-root-container\"><div class=\"uagb-container-inner-blocks-wrap\">\n<div class=\"wp-block-uagb-container uagb-block-4502a8bd\">\n<div class=\"wp-block-uagb-info-box uagb-block-109f07e7 uagb-infobox__content-wrap  uagb-infobox-icon-above-title uagb-infobox-image-valign-top\"><div class=\"uagb-ifb-content\"><div class=\"uagb-ifb-title-wrap\"><h2 class=\"uagb-ifb-title\"><font dir=\"auto\" style=\"vertical-align: inherit;\"><font dir=\"auto\" style=\"vertical-align: inherit;\">Dise\u00f1o y Obra Nueva<\/font><\/font><\/h2><\/div><p class=\"uagb-ifb-desc\">Son los proyectos que se desarrollan a partir de la idea principal del cliente y sus necesidades, desde los primeros bosquejos en papel hasta la recepci\u00f3n definitiva, pasando por correcciones en conjunto para llevarlos a la realidad.<\/p><div class=\"uagb-ifb-button-wrapper wp-block-button\"><a href=\"contacto\/\" class=\"uagb-infobox-cta-link wp-block-button__link\" target=\"_self\" rel=\"noopener noreferrer\" onclick=\"return true;\"><span class=\"uagb-inline-editing\">Contact<\/span><\/a><\/div><\/div><\/div>\n<\/div>\n\n\n\n<div class=\"wp-block-uagb-image uagb-block-18897b0b wp-block-uagb-image--layout-default wp-block-uagb-image--effect-static wp-block-uagb-image--align-none\"><figure class=\"wp-block-uagb-image__figure\"><img decoding=\"async\" srcset=\"https:\/\/www.blackbirdarq.cl\/wp\/wp-content\/uploads\/2026\/02\/1.-obra-nueva-1024x768.jpeg ,https:\/\/www.blackbirdarq.cl\/wp\/wp-content\/uploads\/2026\/02\/1.-obra-nueva.jpeg 780w, https:\/\/www.blackbirdarq.cl\/wp\/wp-content\/uploads\/2026\/02\/1.-obra-nueva.jpeg 360w\" sizes=\"auto, (max-width: 480px) 150px\" src=\"https:\/\/www.blackbirdarq.cl\/wp\/wp-content\/uploads\/2026\/02\/1.-obra-nueva-1024x768.jpeg\" alt=\"1. obra nueva\" class=\"uag-image-1779\" width=\"568\" height=\"426\" title=\"1. obra nueva\" loading=\"lazy\" role=\"img\"\/><\/figure><\/div>\n<\/div><\/div>\n\n\n\n<div class=\"wp-block-uagb-container uagb-block-0fa8dc87 alignfull uagb-is-root-container\"><div class=\"uagb-container-inner-blocks-wrap\">\n<div class=\"wp-block-uagb-image uagb-block-95ad5af2 wp-block-uagb-image--layout-default wp-block-uagb-image--effect-static wp-block-uagb-image--align-none\"><figure class=\"wp-block-uagb-image__figure\"><img decoding=\"async\" srcset=\"https:\/\/www.blackbirdarq.cl\/wp\/wp-content\/uploads\/2026\/02\/2.-Ampliaciones-y-Remodelaciones-1024x766.jpeg ,https:\/\/www.blackbirdarq.cl\/wp\/wp-content\/uploads\/2026\/02\/2.-Ampliaciones-y-Remodelaciones.jpeg 780w, https:\/\/www.blackbirdarq.cl\/wp\/wp-content\/uploads\/2026\/02\/2.-Ampliaciones-y-Remodelaciones.jpeg 360w\" sizes=\"auto, (max-width: 480px) 150px\" src=\"https:\/\/www.blackbirdarq.cl\/wp\/wp-content\/uploads\/2026\/02\/2.-Ampliaciones-y-Remodelaciones-1024x766.jpeg\" alt=\"2. ampliaciones y remodelaciones\" class=\"uag-image-1780\" width=\"574\" height=\"429\" title=\"2. ampliaciones y remodelaciones\" loading=\"lazy\" role=\"img\"\/><\/figure><\/div>\n\n\n\n<div class=\"wp-block-uagb-container uagb-block-273f62cc\">\n<div class=\"wp-block-uagb-info-box uagb-block-f179cbd3 uagb-infobox__content-wrap  uagb-infobox-icon-above-title uagb-infobox-image-valign-top\"><div class=\"uagb-ifb-content\"><div class=\"uagb-ifb-title-wrap\"><h2 class=\"uagb-ifb-title\">Ampliaciones y Remodelaciones<\/h2><\/div><p class=\"uagb-ifb-desc\">Aquellas viviendas que suman metros cuadrados para agregar un nuevo espacio habitable, ya sea un dormitorio, un quincho o un segundo nivel.<\/p><div class=\"uagb-ifb-button-wrapper wp-block-button\"><a href=\"contacto\/\" class=\"uagb-infobox-cta-link wp-block-button__link\" target=\"_self\" rel=\"noopener noreferrer\" onclick=\"return true;\"><span class=\"uagb-inline-editing\">Contact<\/span><\/a><\/div><\/div><\/div>\n<\/div>\n<\/div><\/div>\n\n\n\n<div class=\"wp-block-uagb-container uagb-block-92758601 alignfull uagb-is-root-container\"><div class=\"uagb-container-inner-blocks-wrap\">\n<div class=\"wp-block-uagb-container uagb-block-8ed2340c\">\n<nav class=\"wp-block-uagb-info-box uagb-block-83f3c3f0 uagb-infobox__content-wrap  uagb-infobox-icon-above-title uagb-infobox-image-valign-top\"><div class=\"uagb-ifb-content\"><div class=\"uagb-ifb-title-wrap\"><h2 class=\"uagb-ifb-title\">Gesti\u00f3n de Permisos y Regularizaciones<\/h2><\/div><p class=\"uagb-ifb-desc\">Se refiere a un procedimiento simplificado para aquellas viviendas ya construidas que no cuentan con recepci\u00f3n definitiva. Incluye la Ley 20.898 (Ley del Mono).<\/p><div class=\"uagb-ifb-button-wrapper wp-block-button\"><a href=\"contacto\/\" class=\"uagb-infobox-cta-link wp-block-button__link\" target=\"_self\" rel=\"noopener noreferrer\" onclick=\"return true;\"><span class=\"uagb-inline-editing\">Contacto<\/span><\/a><\/div><\/div><\/nav>\n<\/div>\n\n\n\n<div class=\"wp-block-uagb-image uagb-block-704d8fd3 wp-block-uagb-image--layout-default wp-block-uagb-image--effect-static wp-block-uagb-image--align-none\"><figure class=\"wp-block-uagb-image__figure\"><img decoding=\"async\" srcset=\"https:\/\/www.blackbirdarq.cl\/wp\/wp-content\/uploads\/2025\/11\/los-planes-de-construccion-y-herramientas-de-dibujo-de-planos-1024x683.jpg ,https:\/\/www.blackbirdarq.cl\/wp\/wp-content\/uploads\/2025\/11\/los-planes-de-construccion-y-herramientas-de-dibujo-de-planos-scaled.jpg 780w, https:\/\/www.blackbirdarq.cl\/wp\/wp-content\/uploads\/2025\/11\/los-planes-de-construccion-y-herramientas-de-dibujo-de-planos-scaled.jpg 360w\" sizes=\"auto, (max-width: 480px) 150px\" src=\"https:\/\/www.blackbirdarq.cl\/wp\/wp-content\/uploads\/2025\/11\/los-planes-de-construccion-y-herramientas-de-dibujo-de-planos-1024x683.jpg\" alt=\"construction plans and drawing tools on blueprints\" class=\"uag-image-1671\" width=\"570\" height=\"380\" title=\"construction plans and drawing tools on blueprints\" loading=\"lazy\" role=\"img\"\/><\/figure><\/div>\n<\/div><\/div>\n\n\n\n<div class=\"wp-block-uagb-container uagb-block-3bb7a81b alignfull uagb-is-root-container\"><div class=\"uagb-container-inner-blocks-wrap\">\n<div class=\"wp-block-uagb-image uagb-block-cf4702ce wp-block-uagb-image--layout-default wp-block-uagb-image--effect-static wp-block-uagb-image--align-none\"><figure class=\"wp-block-uagb-image__figure\"><img decoding=\"async\" srcset=\"https:\/\/www.blackbirdarq.cl\/wp\/wp-content\/uploads\/2026\/02\/4.-Cambio-de-Uso-de-Suelo-1024x724.jpg ,https:\/\/www.blackbirdarq.cl\/wp\/wp-content\/uploads\/2026\/02\/4.-Cambio-de-Uso-de-Suelo-scaled.jpg 780w, https:\/\/www.blackbirdarq.cl\/wp\/wp-content\/uploads\/2026\/02\/4.-Cambio-de-Uso-de-Suelo-scaled.jpg 360w\" sizes=\"auto, (max-width: 480px) 150px\" src=\"https:\/\/www.blackbirdarq.cl\/wp\/wp-content\/uploads\/2026\/02\/4.-Cambio-de-Uso-de-Suelo-1024x724.jpg\" alt=\"4. cambio de uso de suelo\" class=\"uag-image-1778\" width=\"576\" height=\"400\" title=\"4. cambio de uso de suelo\" loading=\"lazy\" role=\"img\"\/><\/figure><\/div>\n\n\n\n<div class=\"wp-block-uagb-container uagb-block-2d313ccc\">\n<div class=\"wp-block-uagb-info-box uagb-block-e0be2cb0 uagb-infobox__content-wrap  uagb-infobox-icon-above-title uagb-infobox-image-valign-top\"><div class=\"uagb-ifb-content\"><div class=\"uagb-ifb-title-wrap\"><h2 class=\"uagb-ifb-title\">Cambio de uso de suelo<\/h2><\/div><p class=\"uagb-ifb-desc\">Te ayudamos a cambiar el destino de tu propiedad de forma segura y conforme a la normativa vigente. Analizamos la factibilidad, preparamos los antecedentes y gestionamos el proceso municipal completo, acompa\u00f1\u00e1ndote hasta su aprobaci\u00f3n.<\/p><div class=\"uagb-ifb-button-wrapper wp-block-button\"><a href=\"contacto\/\" class=\"uagb-infobox-cta-link wp-block-button__link\" target=\"_self\" rel=\"noopener noreferrer\" onclick=\"return true;\"><span class=\"uagb-inline-editing\">Contact<\/span><\/a><\/div><\/div><\/div>\n<\/div>\n<\/div><\/div>\n\n\n\n<div class=\"wp-block-uagb-container uagb-block-14711b0a alignfull uagb-is-root-container\"><div class=\"uagb-container-inner-blocks-wrap\">\n<div class=\"wp-block-uagb-container uagb-block-bfc04939\">\n<nav class=\"wp-block-uagb-info-box uagb-block-888b644a uagb-infobox__content-wrap  uagb-infobox-icon-above-title uagb-infobox-image-valign-top\"><div class=\"uagb-ifb-content\"><div class=\"uagb-ifb-title-wrap\"><h2 class=\"uagb-ifb-title\">Fusiones y subdivisiones de terrenos<\/h2><\/div><p class=\"uagb-ifb-desc\">Realizamos la uni\u00f3n o divisi\u00f3n de terrenos de manera eficiente y conforme a la normativa. Evaluamos la viabilidad del proyecto, coordinamos la documentaci\u00f3n necesaria y gestionamos el tr\u00e1mite completo para que puedas desarrollar tu propiedad sin complicaciones.<\/p><div class=\"uagb-ifb-button-wrapper wp-block-button\"><a href=\"contacto\/\" class=\"uagb-infobox-cta-link wp-block-button__link\" target=\"_self\" rel=\"noopener noreferrer\" onclick=\"return true;\"><span class=\"uagb-inline-editing\">Contacto<\/span><\/a><\/div><\/div><\/nav>\n<\/div>\n\n\n\n<div class=\"wp-block-uagb-image uagb-block-ce773d35 wp-block-uagb-image--layout-default wp-block-uagb-image--effect-static wp-block-uagb-image--align-none\"><figure class=\"wp-block-uagb-image__figure\"><img decoding=\"async\" srcset=\"https:\/\/www.blackbirdarq.cl\/wp\/wp-content\/uploads\/2025\/11\/los-planes-de-construccion-y-herramientas-de-dibujo-de-planos-1024x683.jpg ,https:\/\/www.blackbirdarq.cl\/wp\/wp-content\/uploads\/2025\/11\/los-planes-de-construccion-y-herramientas-de-dibujo-de-planos-scaled.jpg 780w, https:\/\/www.blackbirdarq.cl\/wp\/wp-content\/uploads\/2025\/11\/los-planes-de-construccion-y-herramientas-de-dibujo-de-planos-scaled.jpg 360w\" sizes=\"auto, (max-width: 480px) 150px\" src=\"https:\/\/www.blackbirdarq.cl\/wp\/wp-content\/uploads\/2025\/11\/los-planes-de-construccion-y-herramientas-de-dibujo-de-planos-1024x683.jpg\" alt=\"construction plans and drawing tools on blueprints\" class=\"uag-image-1671\" width=\"570\" height=\"380\" title=\"construction plans and drawing tools on blueprints\" loading=\"lazy\" role=\"img\"\/><\/figure><\/div>\n<\/div><\/div>\n\n\n\n<div class=\"wp-block-uagb-container uagb-block-7a02da77 alignfull uagb-is-root-container\"><div class=\"uagb-container-inner-blocks-wrap\">\n<div class=\"wp-block-uagb-image uagb-block-ffecc58d wp-block-uagb-image--layout-default wp-block-uagb-image--effect-static wp-block-uagb-image--align-none\"><figure class=\"wp-block-uagb-image__figure\"><img decoding=\"async\" srcset=\"https:\/\/www.blackbirdarq.cl\/wp\/wp-content\/uploads\/2026\/02\/6.-VISUALIZACION-3D-1024x606.jpg ,https:\/\/www.blackbirdarq.cl\/wp\/wp-content\/uploads\/2026\/02\/6.-VISUALIZACION-3D.jpg 780w, https:\/\/www.blackbirdarq.cl\/wp\/wp-content\/uploads\/2026\/02\/6.-VISUALIZACION-3D.jpg 360w\" sizes=\"auto, (max-width: 480px) 150px\" src=\"https:\/\/www.blackbirdarq.cl\/wp\/wp-content\/uploads\/2026\/02\/6.-VISUALIZACION-3D-1024x606.jpg\" alt=\"6. visualizaci\u00d3n 3d\" class=\"uag-image-1781\" width=\"571\" height=\"338\" title=\"6. visualizaci\u00d3n 3d\" loading=\"lazy\" role=\"img\"\/><\/figure><\/div>\n\n\n\n<div class=\"wp-block-uagb-container uagb-block-418ea1ba\">\n<div class=\"wp-block-uagb-info-box uagb-block-d9850bf6 uagb-infobox__content-wrap  uagb-infobox-icon-above-title uagb-infobox-image-valign-top\"><div class=\"uagb-ifb-content\"><div class=\"uagb-ifb-title-wrap\"><h2 class=\"uagb-ifb-title\">Visualizaci\u00f3n 3D y Renders<\/h2><\/div><p class=\"uagb-ifb-desc\">Para mantener una comunicaci\u00f3n clara con nuestros clientes, realizamos modelos 3D en conjunto para comprender los proyectos y corregir aquellas ideas que no se aprecian en las planimetr\u00edas.<\/p><div class=\"uagb-ifb-button-wrapper wp-block-button\"><a href=\"contacto\/\" class=\"uagb-infobox-cta-link wp-block-button__link\" target=\"_self\" rel=\"noopener noreferrer\" onclick=\"return true;\"><span class=\"uagb-inline-editing\">Contact<\/span><\/a><\/div><\/div><\/div>\n<\/div>\n<\/div><\/div>\n\n\n\n<p><\/p>\n","protected":false},"excerpt":{"rendered":"<p>Servicios<\/p>\n","protected":false},"author":1,"featured_media":0,"parent":0,"menu_order":0,"comment_status":"closed","ping_status":"closed","template":"","meta":{"pagelayer_contact_templates":[],"_pagelayer_content":"","_uag_custom_page_level_css":"","site-sidebar-layout":"no-sidebar","site-content-layout":"plain-container","ast-site-content-layout":"full-width-container","site-content-style":"unboxed","site-sidebar-style":"unboxed","ast-global-header-display":"","ast-banner-title-visibility":"","ast-main-header-display":"","ast-hfb-above-header-display":"","ast-hfb-below-header-display":"","ast-hfb-mobile-header-display":"","site-post-title":"disabled","ast-breadcrumbs-content":"","ast-featured-img":"disabled","footer-sml-layout":"","theme-transparent-header-meta":"enabled","adv-header-id-meta":"","stick-header-meta":"","header-above-stick-meta":"","header-main-stick-meta":"","header-below-stick-meta":"","astra-migrate-meta-layouts":"set","ast-page-background-enabled":"default","ast-page-background-meta":{"desktop":{"background-color":"","background-image":"","background-repeat":"repeat","background-position":"center center","background-size":"auto","background-attachment":"scroll","background-type":"","background-media":"","overlay-type":"","overlay-color":"","overlay-opacity":"","overlay-gradient":""},"tablet":{"background-color":"","background-image":"","background-repeat":"repeat","background-position":"center center","background-size":"auto","background-attachment":"scroll","background-type":"","background-media":"","overlay-type":"","overlay-color":"","overlay-opacity":"","overlay-gradient":""},"mobile":{"background-color":"","background-image":"","background-repeat":"repeat","background-position":"center center","background-size":"auto","background-attachment":"scroll","background-type":"","background-media":"","overlay-type":"","overlay-color":"","overlay-opacity":"","overlay-gradient":""}},"ast-content-background-meta":{"desktop":{"background-color":"var(--ast-global-color-5)","background-image":"","background-repeat":"repeat","background-position":"center center","background-size":"auto","background-attachment":"scroll","background-type":"","background-media":"","overlay-type":"","overlay-color":"","overlay-opacity":"","overlay-gradient":""},"tablet":{"background-color":"var(--ast-global-color-5)","background-image":"","background-repeat":"repeat","background-position":"center center","background-size":"auto","background-attachment":"scroll","background-type":"","background-media":"","overlay-type":"","overlay-color":"","overlay-opacity":"","overlay-gradient":""},"mobile":{"background-color":"var(--ast-global-color-5)","background-image":"","background-repeat":"repeat","background-position":"center center","background-size":"auto","background-attachment":"scroll","background-type":"","background-media":"","overlay-type":"","overlay-color":"","overlay-opacity":"","overlay-gradient":""}},"footnotes":""},"class_list":["post-219","page","type-page","status-publish","hentry"],"uagb_featured_image_src":{"full":false,"thumbnail":false,"medium":false,"medium_large":false,"large":false,"1536x1536":false,"2048x2048":false},"uagb_author_info":{"display_name":"adminblackbird","author_link":"https:\/\/www.blackbirdarq.cl\/wp\/author\/adminblackbird\/"},"uagb_comment_info":0,"uagb_excerpt":"Servicios","_links":{"self":[{"href":"https:\/\/www.blackbirdarq.cl\/wp\/wp-json\/wp\/v2\/pages\/219","targetHints":{"allow":["GET"]}}],"collection":[{"href":"https:\/\/www.blackbirdarq.cl\/wp\/wp-json\/wp\/v2\/pages"}],"about":[{"href":"https:\/\/www.blackbirdarq.cl\/wp\/wp-json\/wp\/v2\/types\/page"}],"author":[{"embeddable":true,"href":"https:\/\/www.blackbirdarq.cl\/wp\/wp-json\/wp\/v2\/users\/1"}],"replies":[{"embeddable":true,"href":"https:\/\/www.blackbirdarq.cl\/wp\/wp-json\/wp\/v2\/comments?post=219"}],"version-history":[{"count":22,"href":"https:\/\/www.blackbirdarq.cl\/wp\/wp-json\/wp\/v2\/pages\/219\/revisions"}],"predecessor-version":[{"id":1784,"href":"https:\/\/www.blackbirdarq.cl\/wp\/wp-json\/wp\/v2\/pages\/219\/revisions\/1784"}],"wp:attachment":[{"href":"https:\/\/www.blackbirdarq.cl\/wp\/wp-json\/wp\/v2\/media?parent=219"}],"curies":[{"name":"wp","href":"https:\/\/api.w.org\/{rel}","templated":true}]}}